{"id":120,"date":"2026-04-20T22:59:25","date_gmt":"2026-04-20T20:59:25","guid":{"rendered":"https:\/\/dienstleistungen-schindler.de\/?page_id=120"},"modified":"2026-04-21T09:15:03","modified_gmt":"2026-04-21T07:15:03","slug":"datenschutzerklaerung","status":"publish","type":"page","link":"https:\/\/dienstleistungen-schindler.de\/?page_id=120","title":{"rendered":"Datenschutzerkl\u00e4rung"},"content":{"rendered":"\n<h1 class=\"wp-block-heading\">Datenschutzerkl\u00e4rung<\/h1>\n\n\n\n<p>Verantwortlicher Dienstleistungen Schindler UG (haftungsbeschr\u00e4nkt) Leoheimweg 2, 93086 W\u00f6rth an der Donau Telefon: 0941 850 89 070 E-Mail: <a href=\"mailto:info@dienstleistungen-schindler.de\">info@dienstleistungen-schindler.de<\/a> Gesch\u00e4ftsf\u00fchrer: Simon Ehras<\/p>\n\n\n\n<p><strong>Cookies<\/strong> Diese Website verwendet nur technisch notwendige Cookies. Es werden keine Tracking- oder Marketing-Cookies eingesetzt.<\/p>\n\n\n\n<p><strong>Kontaktformular<\/strong> Wenn Sie unser Kontaktformular nutzen, werden die eingegebenen Daten (Name, E-Mail-Adresse, Telefonnummer, Nachricht) ausschlie\u00dflich zur Bearbeitung Ihrer Anfrage verwendet und nicht an Dritte weitergegeben.<\/p>\n\n\n\n<p><strong>Weitergabe von Daten<\/strong> Ihre personenbezogenen Daten werden nicht an Dritte weitergegeben.<\/p>\n\n\n\n<p><strong>Speicherdauer<\/strong> Ihre Daten werden nur so lange gespeichert, wie es zur Bearbeitung Ihrer Anfrage notwendig ist oder gesetzliche Aufbewahrungspflichten dies erfordern.<\/p>\n\n\n\n<p><strong>Ihre Rechte<\/strong> Sie haben das Recht auf Auskunft, Berichtigung und L\u00f6schung Ihrer bei uns gespeicherten personenbezogenen Daten. Anfragen richten Sie bitte an: <a href=\"mailto:info@dienstleistungen-schindler.de\">info@dienstleistungen-schindler.de<\/a><\/p>\n","protected":false},"excerpt":{"rendered":"<p>Datenschutzerkl\u00e4rung Verantwortlicher Dienstleistungen Schindler UG (haftungsbeschr\u00e4nkt) Leoheimweg 2, 93086 W\u00f6rth an der Donau Telefon: 0941 850 89 070 E-Mail: info@dienstleistungen-schindler.de Gesch\u00e4ftsf\u00fchrer: Simon Ehras Cookies Diese Website verwendet nur technisch notwendige Cookies. Es werden keine Tracking- oder Marketing-Cookies eingesetzt. Kontaktformular Wenn Sie unser Kontaktformular nutzen, werden die eingegebenen Daten (Name, E-Mail-Adresse, Telefonnummer, Nachricht) ausschlie\u00dflich zur Bearbeitung [&hellip;]<\/p>\n","protected":false},"author":1,"featured_media":0,"parent":0,"menu_order":0,"comment_status":"closed","ping_status":"closed","template":"","meta":{"footnotes":""},"class_list":["post-120","page","type-page","status-publish","hentry"],"yoast_head":"<!-- This site is optimized with the Yoast SEO plugin v27.4 - https:\/\/yoast.com\/product\/yoast-seo-wordpress\/ -->\n<title>Datenschutzerkl\u00e4rung - Dienstleistungen Schindler UG (haftungsbeschr\u00e4nkt)<\/title>\n<meta name=\"robots\" content=\"index, follow, max-snippet:-1, max-image-preview:large, max-video-preview:-1\" \/>\n<link rel=\"canonical\" href=\"https:\/\/dienstleistungen-schindler.de\/?page_id=120\" \/>\n<meta property=\"og:locale\" content=\"de_DE\" \/>\n<meta property=\"og:type\" content=\"article\" \/>\n<meta property=\"og:title\" content=\"Datenschutzerkl\u00e4rung - Dienstleistungen Schindler UG (haftungsbeschr\u00e4nkt)\" \/>\n<meta property=\"og:description\" content=\"Datenschutzerkl\u00e4rung Verantwortlicher Dienstleistungen Schindler UG (haftungsbeschr\u00e4nkt) Leoheimweg 2, 93086 W\u00f6rth an der Donau Telefon: 0941 850 89 070 E-Mail: info@dienstleistungen-schindler.de Gesch\u00e4ftsf\u00fchrer: Simon Ehras Cookies Diese Website verwendet nur technisch notwendige Cookies. Es werden keine Tracking- oder Marketing-Cookies eingesetzt. Kontaktformular Wenn Sie unser Kontaktformular nutzen, werden die eingegebenen Daten (Name, E-Mail-Adresse, Telefonnummer, Nachricht) ausschlie\u00dflich zur Bearbeitung [&hellip;]\" \/>\n<meta property=\"og:url\" content=\"https:\/\/dienstleistungen-schindler.de\/?page_id=120\" \/>\n<meta property=\"og:site_name\" content=\"Dienstleistungen Schindler UG (haftungsbeschr\u00e4nkt)\" \/>\n<meta property=\"article:modified_time\" content=\"2026-04-21T07:15:03+00:00\" \/>\n<meta name=\"twitter:card\" content=\"summary_large_image\" \/>\n<meta name=\"twitter:label1\" content=\"Gesch\u00e4tzte Lesezeit\" \/>\n\t<meta name=\"twitter:data1\" content=\"1\u00a0Minute\" \/>\n<script type=\"application\/ld+json\" class=\"yoast-schema-graph\">{\"@context\":\"https:\\\/\\\/schema.org\",\"@graph\":[{\"@type\":\"WebPage\",\"@id\":\"https:\\\/\\\/dienstleistungen-schindler.de\\\/?page_id=120\",\"url\":\"https:\\\/\\\/dienstleistungen-schindler.de\\\/?page_id=120\",\"name\":\"Datenschutzerkl\u00e4rung - Dienstleistungen Schindler UG (haftungsbeschr\u00e4nkt)\",\"isPartOf\":{\"@id\":\"https:\\\/\\\/dienstleistungen-schindler.de\\\/#website\"},\"datePublished\":\"2026-04-20T20:59:25+00:00\",\"dateModified\":\"2026-04-21T07:15:03+00:00\",\"breadcrumb\":{\"@id\":\"https:\\\/\\\/dienstleistungen-schindler.de\\\/?page_id=120#breadcrumb\"},\"inLanguage\":\"de\",\"potentialAction\":[{\"@type\":\"ReadAction\",\"target\":[\"https:\\\/\\\/dienstleistungen-schindler.de\\\/?page_id=120\"]}]},{\"@type\":\"BreadcrumbList\",\"@id\":\"https:\\\/\\\/dienstleistungen-schindler.de\\\/?page_id=120#breadcrumb\",\"itemListElement\":[{\"@type\":\"ListItem\",\"position\":1,\"name\":\"Start\",\"item\":\"https:\\\/\\\/dienstleistungen-schindler.de\\\/\"},{\"@type\":\"ListItem\",\"position\":2,\"name\":\"Datenschutzerkl\u00e4rung\"}]},{\"@type\":\"WebSite\",\"@id\":\"https:\\\/\\\/dienstleistungen-schindler.de\\\/#website\",\"url\":\"https:\\\/\\\/dienstleistungen-schindler.de\\\/\",\"name\":\"Dienstleistungen Schindler UG (haftungsbeschr\u00e4nkt)\",\"description\":\"Hausmeisterservice im Raum Regensburg\",\"publisher\":{\"@id\":\"https:\\\/\\\/dienstleistungen-schindler.de\\\/#organization\"},\"potentialAction\":[{\"@type\":\"SearchAction\",\"target\":{\"@type\":\"EntryPoint\",\"urlTemplate\":\"https:\\\/\\\/dienstleistungen-schindler.de\\\/?s={search_term_string}\"},\"query-input\":{\"@type\":\"PropertyValueSpecification\",\"valueRequired\":true,\"valueName\":\"search_term_string\"}}],\"inLanguage\":\"de\"},{\"@type\":\"Organization\",\"@id\":\"https:\\\/\\\/dienstleistungen-schindler.de\\\/#organization\",\"name\":\"Dienstleistungen Schindler UG (haftungsbeschr\u00e4nkt)\",\"url\":\"https:\\\/\\\/dienstleistungen-schindler.de\\\/\",\"logo\":{\"@type\":\"ImageObject\",\"inLanguage\":\"de\",\"@id\":\"https:\\\/\\\/dienstleistungen-schindler.de\\\/#\\\/schema\\\/logo\\\/image\\\/\",\"url\":\"https:\\\/\\\/dienstleistungen-schindler.de\\\/wp-content\\\/uploads\\\/2025\\\/07\\\/g5482.png\",\"contentUrl\":\"https:\\\/\\\/dienstleistungen-schindler.de\\\/wp-content\\\/uploads\\\/2025\\\/07\\\/g5482.png\",\"width\":2000,\"height\":785,\"caption\":\"Dienstleistungen Schindler UG (haftungsbeschr\u00e4nkt)\"},\"image\":{\"@id\":\"https:\\\/\\\/dienstleistungen-schindler.de\\\/#\\\/schema\\\/logo\\\/image\\\/\"}}]}<\/script>\n<!-- \/ Yoast SEO plugin. -->","yoast_head_json":{"title":"Datenschutzerkl\u00e4rung - Dienstleistungen Schindler UG (haftungsbeschr\u00e4nkt)","robots":{"index":"index","follow":"follow","max-snippet":"max-snippet:-1","max-image-preview":"max-image-preview:large","max-video-preview":"max-video-preview:-1"},"canonical":"https:\/\/dienstleistungen-schindler.de\/?page_id=120","og_locale":"de_DE","og_type":"article","og_title":"Datenschutzerkl\u00e4rung - Dienstleistungen Schindler UG (haftungsbeschr\u00e4nkt)","og_description":"Datenschutzerkl\u00e4rung Verantwortlicher Dienstleistungen Schindler UG (haftungsbeschr\u00e4nkt) Leoheimweg 2, 93086 W\u00f6rth an der Donau Telefon: 0941 850 89 070 E-Mail: info@dienstleistungen-schindler.de Gesch\u00e4ftsf\u00fchrer: Simon Ehras Cookies Diese Website verwendet nur technisch notwendige Cookies. Es werden keine Tracking- oder Marketing-Cookies eingesetzt. Kontaktformular Wenn Sie unser Kontaktformular nutzen, werden die eingegebenen Daten (Name, E-Mail-Adresse, Telefonnummer, Nachricht) ausschlie\u00dflich zur Bearbeitung [&hellip;]","og_url":"https:\/\/dienstleistungen-schindler.de\/?page_id=120","og_site_name":"Dienstleistungen Schindler UG (haftungsbeschr\u00e4nkt)","article_modified_time":"2026-04-21T07:15:03+00:00","twitter_card":"summary_large_image","twitter_misc":{"Gesch\u00e4tzte Lesezeit":"1\u00a0Minute"},"schema":{"@context":"https:\/\/schema.org","@graph":[{"@type":"WebPage","@id":"https:\/\/dienstleistungen-schindler.de\/?page_id=120","url":"https:\/\/dienstleistungen-schindler.de\/?page_id=120","name":"Datenschutzerkl\u00e4rung - Dienstleistungen Schindler UG (haftungsbeschr\u00e4nkt)","isPartOf":{"@id":"https:\/\/dienstleistungen-schindler.de\/#website"},"datePublished":"2026-04-20T20:59:25+00:00","dateModified":"2026-04-21T07:15:03+00:00","breadcrumb":{"@id":"https:\/\/dienstleistungen-schindler.de\/?page_id=120#breadcrumb"},"inLanguage":"de","potentialAction":[{"@type":"ReadAction","target":["https:\/\/dienstleistungen-schindler.de\/?page_id=120"]}]},{"@type":"BreadcrumbList","@id":"https:\/\/dienstleistungen-schindler.de\/?page_id=120#breadcrumb","itemListElement":[{"@type":"ListItem","position":1,"name":"Start","item":"https:\/\/dienstleistungen-schindler.de\/"},{"@type":"ListItem","position":2,"name":"Datenschutzerkl\u00e4rung"}]},{"@type":"WebSite","@id":"https:\/\/dienstleistungen-schindler.de\/#website","url":"https:\/\/dienstleistungen-schindler.de\/","name":"Dienstleistungen Schindler UG (haftungsbeschr\u00e4nkt)","description":"Hausmeisterservice im Raum Regensburg","publisher":{"@id":"https:\/\/dienstleistungen-schindler.de\/#organization"},"potentialAction":[{"@type":"SearchAction","target":{"@type":"EntryPoint","urlTemplate":"https:\/\/dienstleistungen-schindler.de\/?s={search_term_string}"},"query-input":{"@type":"PropertyValueSpecification","valueRequired":true,"valueName":"search_term_string"}}],"inLanguage":"de"},{"@type":"Organization","@id":"https:\/\/dienstleistungen-schindler.de\/#organization","name":"Dienstleistungen Schindler UG (haftungsbeschr\u00e4nkt)","url":"https:\/\/dienstleistungen-schindler.de\/","logo":{"@type":"ImageObject","inLanguage":"de","@id":"https:\/\/dienstleistungen-schindler.de\/#\/schema\/logo\/image\/","url":"https:\/\/dienstleistungen-schindler.de\/wp-content\/uploads\/2025\/07\/g5482.png","contentUrl":"https:\/\/dienstleistungen-schindler.de\/wp-content\/uploads\/2025\/07\/g5482.png","width":2000,"height":785,"caption":"Dienstleistungen Schindler UG (haftungsbeschr\u00e4nkt)"},"image":{"@id":"https:\/\/dienstleistungen-schindler.de\/#\/schema\/logo\/image\/"}}]}},"_links":{"self":[{"href":"https:\/\/dienstleistungen-schindler.de\/index.php?rest_route=\/wp\/v2\/pages\/120","targetHints":{"allow":["GET"]}}],"collection":[{"href":"https:\/\/dienstleistungen-schindler.de\/index.php?rest_route=\/wp\/v2\/pages"}],"about":[{"href":"https:\/\/dienstleistungen-schindler.de\/index.php?rest_route=\/wp\/v2\/types\/page"}],"author":[{"embeddable":true,"href":"https:\/\/dienstleistungen-schindler.de\/index.php?rest_route=\/wp\/v2\/users\/1"}],"replies":[{"embeddable":true,"href":"https:\/\/dienstleistungen-schindler.de\/index.php?rest_route=%2Fwp%2Fv2%2Fcomments&post=120"}],"version-history":[{"count":3,"href":"https:\/\/dienstleistungen-schindler.de\/index.php?rest_route=\/wp\/v2\/pages\/120\/revisions"}],"predecessor-version":[{"id":129,"href":"https:\/\/dienstleistungen-schindler.de\/index.php?rest_route=\/wp\/v2\/pages\/120\/revisions\/129"}],"wp:attachment":[{"href":"https:\/\/dienstleistungen-schindler.de\/index.php?rest_route=%2Fwp%2Fv2%2Fmedia&parent=120"}],"curies":[{"name":"wp","href":"https:\/\/api.w.org\/{rel}","templated":true}]}}